{"id":7,"date":"2021-05-19T10:58:51","date_gmt":"2021-05-19T14:58:51","guid":{"rendered":"http:\/\/axelliteleadership.local\/?page_id=7"},"modified":"2023-08-01T13:17:36","modified_gmt":"2023-08-01T17:17:36","slug":"a-propos","status":"publish","type":"page","link":"https:\/\/leadyourselfup.com\/fr\/a-propos\/","title":{"rendered":"\u00c0 Propos"},"content":{"rendered":"\n<div class=\"block block--hero\" id=\"\">\n  <div class=\"container\">\n\n    <div class=\"content\">\n      <h1>\n        \u00c0 PROPOS<br \/>DE <em>NOUS<\/em>      <\/h1>\n      <p>Nous aidons les entrepreneurs, dirigeants et professionnels \u00e0 \u00eatre la meilleure version d&rsquo;eux-m\u00eames plus souvent.<\/p>\n    <\/div>\n\n    <div class=\"decoration\">\n      <div class=\"picture\">\n        <img loading=\"lazy\" decoding=\"async\" width=\"860\" height=\"525\" src=\"https:\/\/leadyourselfup.com\/fr\/wp-content\/uploads\/sites\/4\/2021\/12\/WhatsApp-Image-2021-12-01-at-18.58.55-860x525.jpeg\" class=\"attachment-hero size-hero wp-post-image\" alt=\"\" \/>      <\/div>\n      <div class=\"catchphrase\">\n  S&rsquo;\u00e9veiller <span>\u2022<\/span> Se responsabiliser <span>\u2022<\/span> Se pr\u00e9senter<\/div>\n    <\/div>\n\n  <\/div>\n<\/div>\n\n\n\n<p>Nous aidons les entrepreneurs, les dirigeants et les professionnels occup\u00e9s \u00e0 r\u00e9aliser une transformation personnelle de l&rsquo;int\u00e9rieur afin qu&rsquo;ils puissent s&rsquo;\u00e9panouir dans la complexit\u00e9, diriger des \u00e9quipes agiles et se r\u00e9aliser dans leur vie et leur carri\u00e8re. Nous leur donnons les outils n\u00e9cessaires pour \u00eatre la meilleure version d&rsquo;eux-m\u00eames.<\/p>\n\n\n\n<h2 class=\"wp-block-heading has-text-align-center extra-margin\"><strong>Nous vous outillons \u00e0 \u00eatre \u00e0 votre meilleur.<\/strong><\/h2>\n\n\n\n<p class=\"has-text-align-left\">En renfor\u00e7ant la connaissance de soi et votre capacit\u00e9 d\u2019autogestion, nous vous aidons \u00e0 gagner la confiance n\u00e9cessaire pour relever de nouveaux d\u00e9fis, acqu\u00e9rir de nouvelles comp\u00e9tences et poursuivre votre cheminement de croissance personnelle qui profitera personnellement, mais aussi \u00e0 votre \u00e9quipe et vos relations en g\u00e9n\u00e9ral. <\/p>\n\n\n\n<h2 class=\"wp-block-heading has-text-align-center extra-margin plus\"><strong>Nous vous aidons \u00e0 optimiser votre efficacit\u00e9.<\/strong><\/h2>\n\n\n\n<p class=\"has-text-align-left\">La partie la plus difficile du leadership est de se dirigier soi-m\u00eame. Nous vous enseignons la conscience de soi et les habitudes requises pour atteindre une efficacit\u00e9 maximale. Pour ainsi, faire le suivi des fluctuations de votre \u00e9tat psychologique et \u00e9motionnel afin d&rsquo;incarner la meilleure version de vous-m\u00eames plus souvent. <\/p>\n\n\n\n<h2 class=\"wp-block-heading has-text-align-center extra-margin plus\"><strong>Notre programme n\u2019est pas th\u00e9orique&nbsp;: il est exp\u00e9rientiel.<\/strong><\/h2>\n\n\n\n<p class=\"has-text-align-left\">Nos ateliers anim\u00e9s par des coachs dynamiques assurent des apprentissages durables gr\u00e2ce \u00e0 la cr\u00e9ation d\u2019un lieu s\u00e9curitaire o\u00f9 \u00e9changer, mettre \u00e0 l\u2019essai des concepts et apprendre par l\u2019exp\u00e9rience pratique.<\/p>\n\n\n\n<h2 class=\"wp-block-heading has-text-align-center extra-margin plus\"><strong>Notre approche est globale.<\/strong><\/h2>\n\n\n\n<p class=\"has-text-align-left\">La m\u00e9thode <strong>Propulse ton leadership<\/strong> utilise une approche globale du leader pour am\u00e9liorer leur performances, rendant les dirigeants, les \u00e9quipes et les entreprises plus agiles, cr\u00e9atifs et productifs. Notre approche unique donne aux entrepreneurs, dirigeants et professionnels occup\u00e9s une base de force int\u00e9rieure et de r\u00e9silience afin qu&rsquo;ils puissent apporter plus d&rsquo;\u00e9nergie de qualit\u00e9 \u00e0 leur travail.<\/p>\n\n\n\n<h2 class=\"wp-block-heading has-text-align-center extra-margin plus\"><strong>Nous enseignons par exp\u00e9rience.<\/strong><\/h2>\n\n\n\n<p class=\"has-text-align-left\">Comme tous les membres de l\u2019\u00e9quipe <strong>Propulse ton leadership<\/strong> adoptent eux-m\u00eames les pratiques enseign\u00e9es, ils servent non seulement de guides, mais d\u2019exemples \u00e0 suivre.<\/p>\n","protected":false},"excerpt":{"rendered":"<p>Nous aidons les entrepreneurs, les dirigeants et les professionnels occup\u00e9s \u00e0 r\u00e9aliser une transformation personnelle de l&rsquo;int\u00e9rieur afin qu&rsquo;ils puissent s&rsquo;\u00e9panouir dans la complexit\u00e9, diriger des \u00e9quipes agiles et se r\u00e9aliser dans leur vie et leur carri\u00e8re. Nous leur donnons les outils n\u00e9cessaires pour \u00eatre la meilleure version d&rsquo;eux-m\u00eames. Nous vous outillons \u00e0 \u00eatre \u00e0 [&hellip;]<\/p>\n","protected":false},"author":2,"featured_media":858,"parent":0,"menu_order":0,"comment_status":"closed","ping_status":"closed","template":"","meta":{"_acf_changed":false,"inline_featured_image":false,"footnotes":""},"class_list":["post-7","page","type-page","status-publish","has-post-thumbnail","hentry"],"acf":[],"yoast_head":"<!-- This site is optimized with the Yoast SEO plugin v27.4 - https:\/\/yoast.com\/product\/yoast-seo-wordpress\/ -->\n<title>\u00c0 Propos - Lead Yourself UP<\/title>\n<meta name=\"description\" content=\"Notre mission est d&#039;aider les leaders \u00e0 se r\u00e9aliser pleinement au travail et dans la vie, sans compromettre leurs r\u00e9sultats d&#039;affaires.\" \/>\n<meta name=\"robots\" content=\"index, follow, max-snippet:-1, max-image-preview:large, max-video-preview:-1\" \/>\n<link rel=\"canonical\" href=\"https:\/\/leadyourselfup.com\/fr\/a-propos\/\" \/>\n<meta property=\"og:locale\" content=\"fr_CA\" \/>\n<meta property=\"og:type\" content=\"article\" \/>\n<meta property=\"og:title\" content=\"\u00c0 Propos - Lead Yourself UP\" \/>\n<meta property=\"og:description\" content=\"Notre mission est d&#039;aider les leaders \u00e0 se r\u00e9aliser pleinement au travail et dans la vie, sans compromettre leurs r\u00e9sultats d&#039;affaires.\" \/>\n<meta property=\"og:url\" content=\"https:\/\/leadyourselfup.com\/fr\/a-propos\/\" \/>\n<meta property=\"og:site_name\" content=\"Lead Yourself UP\" \/>\n<meta property=\"article:publisher\" content=\"https:\/\/www.facebook.com\/upkatarina\/\" \/>\n<meta property=\"article:modified_time\" content=\"2023-08-01T17:17:36+00:00\" \/>\n<meta property=\"og:image\" content=\"https:\/\/leadyourselfup.com\/fr\/wp-content\/uploads\/sites\/4\/2021\/12\/WhatsApp-Image-2021-12-01-at-18.58.55.jpeg\" \/>\n\t<meta property=\"og:image:width\" content=\"1166\" \/>\n\t<meta property=\"og:image:height\" content=\"650\" \/>\n\t<meta property=\"og:image:type\" content=\"image\/jpeg\" \/>\n<meta name=\"twitter:card\" content=\"summary_large_image\" \/>\n<meta name=\"twitter:label1\" content=\"Estimation du temps de lecture\" \/>\n\t<meta name=\"twitter:data1\" content=\"2 minutes\" \/>\n<script type=\"application\/ld+json\" class=\"yoast-schema-graph\">{\"@context\":\"https:\\\/\\\/schema.org\",\"@graph\":[{\"@type\":\"WebPage\",\"@id\":\"https:\\\/\\\/leadyourselfup.com\\\/fr\\\/a-propos\\\/\",\"url\":\"https:\\\/\\\/leadyourselfup.com\\\/fr\\\/a-propos\\\/\",\"name\":\"\u00c0 Propos - Lead Yourself UP\",\"isPartOf\":{\"@id\":\"https:\\\/\\\/leadyourselfup.com\\\/fr\\\/#website\"},\"primaryImageOfPage\":{\"@id\":\"https:\\\/\\\/leadyourselfup.com\\\/fr\\\/a-propos\\\/#primaryimage\"},\"image\":{\"@id\":\"https:\\\/\\\/leadyourselfup.com\\\/fr\\\/a-propos\\\/#primaryimage\"},\"thumbnailUrl\":\"https:\\\/\\\/leadyourselfup.com\\\/fr\\\/wp-content\\\/uploads\\\/sites\\\/4\\\/2021\\\/12\\\/WhatsApp-Image-2021-12-01-at-18.58.55.jpeg\",\"datePublished\":\"2021-05-19T14:58:51+00:00\",\"dateModified\":\"2023-08-01T17:17:36+00:00\",\"description\":\"Notre mission est d'aider les leaders \u00e0 se r\u00e9aliser pleinement au travail et dans la vie, sans compromettre leurs r\u00e9sultats d'affaires.\",\"breadcrumb\":{\"@id\":\"https:\\\/\\\/leadyourselfup.com\\\/fr\\\/a-propos\\\/#breadcrumb\"},\"inLanguage\":\"fr-CA\",\"potentialAction\":[{\"@type\":\"ReadAction\",\"target\":[\"https:\\\/\\\/leadyourselfup.com\\\/fr\\\/a-propos\\\/\"]}]},{\"@type\":\"ImageObject\",\"inLanguage\":\"fr-CA\",\"@id\":\"https:\\\/\\\/leadyourselfup.com\\\/fr\\\/a-propos\\\/#primaryimage\",\"url\":\"https:\\\/\\\/leadyourselfup.com\\\/fr\\\/wp-content\\\/uploads\\\/sites\\\/4\\\/2021\\\/12\\\/WhatsApp-Image-2021-12-01-at-18.58.55.jpeg\",\"contentUrl\":\"https:\\\/\\\/leadyourselfup.com\\\/fr\\\/wp-content\\\/uploads\\\/sites\\\/4\\\/2021\\\/12\\\/WhatsApp-Image-2021-12-01-at-18.58.55.jpeg\",\"width\":1166,\"height\":650},{\"@type\":\"BreadcrumbList\",\"@id\":\"https:\\\/\\\/leadyourselfup.com\\\/fr\\\/a-propos\\\/#breadcrumb\",\"itemListElement\":[{\"@type\":\"ListItem\",\"position\":1,\"name\":\"Home\",\"item\":\"https:\\\/\\\/leadyourselfup.com\\\/fr\\\/\"},{\"@type\":\"ListItem\",\"position\":2,\"name\":\"\u00c0 Propos\"}]},{\"@type\":\"WebSite\",\"@id\":\"https:\\\/\\\/leadyourselfup.com\\\/fr\\\/#website\",\"url\":\"https:\\\/\\\/leadyourselfup.com\\\/fr\\\/\",\"name\":\"Lead Yourself UP\",\"description\":\"\",\"publisher\":{\"@id\":\"https:\\\/\\\/leadyourselfup.com\\\/fr\\\/#organization\"},\"potentialAction\":[{\"@type\":\"SearchAction\",\"target\":{\"@type\":\"EntryPoint\",\"urlTemplate\":\"https:\\\/\\\/leadyourselfup.com\\\/fr\\\/?s={search_term_string}\"},\"query-input\":{\"@type\":\"PropertyValueSpecification\",\"valueRequired\":true,\"valueName\":\"search_term_string\"}}],\"inLanguage\":\"fr-CA\"},{\"@type\":\"Organization\",\"@id\":\"https:\\\/\\\/leadyourselfup.com\\\/fr\\\/#organization\",\"name\":\"Axellite Leadership\",\"url\":\"https:\\\/\\\/leadyourselfup.com\\\/fr\\\/\",\"logo\":{\"@type\":\"ImageObject\",\"inLanguage\":\"fr-CA\",\"@id\":\"https:\\\/\\\/leadyourselfup.com\\\/fr\\\/#\\\/schema\\\/logo\\\/image\\\/\",\"url\":\"https:\\\/\\\/leadyourselfup.com\\\/fr\\\/wp-content\\\/uploads\\\/sites\\\/4\\\/2021\\\/05\\\/logo.png\",\"contentUrl\":\"https:\\\/\\\/leadyourselfup.com\\\/fr\\\/wp-content\\\/uploads\\\/sites\\\/4\\\/2021\\\/05\\\/logo.png\",\"width\":1000,\"height\":450,\"caption\":\"Axellite Leadership\"},\"image\":{\"@id\":\"https:\\\/\\\/leadyourselfup.com\\\/fr\\\/#\\\/schema\\\/logo\\\/image\\\/\"},\"sameAs\":[\"https:\\\/\\\/www.facebook.com\\\/upkatarina\\\/\",\"https:\\\/\\\/www.linkedin.com\\\/company\\\/axellite-leadership-&amp;-performance\\\/\"]}]}<\/script>\n<!-- \/ Yoast SEO plugin. -->","yoast_head_json":{"title":"\u00c0 Propos - Lead Yourself UP","description":"Notre mission est d'aider les leaders \u00e0 se r\u00e9aliser pleinement au travail et dans la vie, sans compromettre leurs r\u00e9sultats d'affaires.","robots":{"index":"index","follow":"follow","max-snippet":"max-snippet:-1","max-image-preview":"max-image-preview:large","max-video-preview":"max-video-preview:-1"},"canonical":"https:\/\/leadyourselfup.com\/fr\/a-propos\/","og_locale":"fr_CA","og_type":"article","og_title":"\u00c0 Propos - Lead Yourself UP","og_description":"Notre mission est d'aider les leaders \u00e0 se r\u00e9aliser pleinement au travail et dans la vie, sans compromettre leurs r\u00e9sultats d'affaires.","og_url":"https:\/\/leadyourselfup.com\/fr\/a-propos\/","og_site_name":"Lead Yourself UP","article_publisher":"https:\/\/www.facebook.com\/upkatarina\/","article_modified_time":"2023-08-01T17:17:36+00:00","og_image":[{"width":1166,"height":650,"url":"https:\/\/leadyourselfup.com\/fr\/wp-content\/uploads\/sites\/4\/2021\/12\/WhatsApp-Image-2021-12-01-at-18.58.55.jpeg","type":"image\/jpeg"}],"twitter_card":"summary_large_image","twitter_misc":{"Estimation du temps de lecture":"2 minutes"},"schema":{"@context":"https:\/\/schema.org","@graph":[{"@type":"WebPage","@id":"https:\/\/leadyourselfup.com\/fr\/a-propos\/","url":"https:\/\/leadyourselfup.com\/fr\/a-propos\/","name":"\u00c0 Propos - Lead Yourself UP","isPartOf":{"@id":"https:\/\/leadyourselfup.com\/fr\/#website"},"primaryImageOfPage":{"@id":"https:\/\/leadyourselfup.com\/fr\/a-propos\/#primaryimage"},"image":{"@id":"https:\/\/leadyourselfup.com\/fr\/a-propos\/#primaryimage"},"thumbnailUrl":"https:\/\/leadyourselfup.com\/fr\/wp-content\/uploads\/sites\/4\/2021\/12\/WhatsApp-Image-2021-12-01-at-18.58.55.jpeg","datePublished":"2021-05-19T14:58:51+00:00","dateModified":"2023-08-01T17:17:36+00:00","description":"Notre mission est d'aider les leaders \u00e0 se r\u00e9aliser pleinement au travail et dans la vie, sans compromettre leurs r\u00e9sultats d'affaires.","breadcrumb":{"@id":"https:\/\/leadyourselfup.com\/fr\/a-propos\/#breadcrumb"},"inLanguage":"fr-CA","potentialAction":[{"@type":"ReadAction","target":["https:\/\/leadyourselfup.com\/fr\/a-propos\/"]}]},{"@type":"ImageObject","inLanguage":"fr-CA","@id":"https:\/\/leadyourselfup.com\/fr\/a-propos\/#primaryimage","url":"https:\/\/leadyourselfup.com\/fr\/wp-content\/uploads\/sites\/4\/2021\/12\/WhatsApp-Image-2021-12-01-at-18.58.55.jpeg","contentUrl":"https:\/\/leadyourselfup.com\/fr\/wp-content\/uploads\/sites\/4\/2021\/12\/WhatsApp-Image-2021-12-01-at-18.58.55.jpeg","width":1166,"height":650},{"@type":"BreadcrumbList","@id":"https:\/\/leadyourselfup.com\/fr\/a-propos\/#breadcrumb","itemListElement":[{"@type":"ListItem","position":1,"name":"Home","item":"https:\/\/leadyourselfup.com\/fr\/"},{"@type":"ListItem","position":2,"name":"\u00c0 Propos"}]},{"@type":"WebSite","@id":"https:\/\/leadyourselfup.com\/fr\/#website","url":"https:\/\/leadyourselfup.com\/fr\/","name":"Lead Yourself UP","description":"","publisher":{"@id":"https:\/\/leadyourselfup.com\/fr\/#organization"},"potentialAction":[{"@type":"SearchAction","target":{"@type":"EntryPoint","urlTemplate":"https:\/\/leadyourselfup.com\/fr\/?s={search_term_string}"},"query-input":{"@type":"PropertyValueSpecification","valueRequired":true,"valueName":"search_term_string"}}],"inLanguage":"fr-CA"},{"@type":"Organization","@id":"https:\/\/leadyourselfup.com\/fr\/#organization","name":"Axellite Leadership","url":"https:\/\/leadyourselfup.com\/fr\/","logo":{"@type":"ImageObject","inLanguage":"fr-CA","@id":"https:\/\/leadyourselfup.com\/fr\/#\/schema\/logo\/image\/","url":"https:\/\/leadyourselfup.com\/fr\/wp-content\/uploads\/sites\/4\/2021\/05\/logo.png","contentUrl":"https:\/\/leadyourselfup.com\/fr\/wp-content\/uploads\/sites\/4\/2021\/05\/logo.png","width":1000,"height":450,"caption":"Axellite Leadership"},"image":{"@id":"https:\/\/leadyourselfup.com\/fr\/#\/schema\/logo\/image\/"},"sameAs":["https:\/\/www.facebook.com\/upkatarina\/","https:\/\/www.linkedin.com\/company\/axellite-leadership-&amp;-performance\/"]}]}},"_links":{"self":[{"href":"https:\/\/leadyourselfup.com\/fr\/wp-json\/wp\/v2\/pages\/7","targetHints":{"allow":["GET"]}}],"collection":[{"href":"https:\/\/leadyourselfup.com\/fr\/wp-json\/wp\/v2\/pages"}],"about":[{"href":"https:\/\/leadyourselfup.com\/fr\/wp-json\/wp\/v2\/types\/page"}],"author":[{"embeddable":true,"href":"https:\/\/leadyourselfup.com\/fr\/wp-json\/wp\/v2\/users\/2"}],"replies":[{"embeddable":true,"href":"https:\/\/leadyourselfup.com\/fr\/wp-json\/wp\/v2\/comments?post=7"}],"version-history":[{"count":0,"href":"https:\/\/leadyourselfup.com\/fr\/wp-json\/wp\/v2\/pages\/7\/revisions"}],"wp:featuredmedia":[{"embeddable":true,"href":"https:\/\/leadyourselfup.com\/fr\/wp-json\/wp\/v2\/media\/858"}],"wp:attachment":[{"href":"https:\/\/leadyourselfup.com\/fr\/wp-json\/wp\/v2\/media?parent=7"}],"curies":[{"name":"wp","href":"https:\/\/api.w.org\/{rel}","templated":true}]}}