{"id":6,"date":"2021-05-19T10:58:51","date_gmt":"2021-05-19T14:58:51","guid":{"rendered":"http:\/\/axelliteleadership.local\/?page_id=6"},"modified":"2023-08-02T08:12:24","modified_gmt":"2023-08-02T12:12:24","slug":"home","status":"publish","type":"page","link":"https:\/\/leadyourselfup.com\/fr\/","title":{"rendered":"Accueil"},"content":{"rendered":"\n<div class=\"block block--hero\" id=\"\">\n  <div class=\"container\">\n\n    <div class=\"content\">\n      <h1>\n        LE LEADERSHIP PART<br \/><em>de l&rsquo;int\u00e9rieur<\/em>      <\/h1>\n      <p>NOTRE MISSION EST D\u2019AIDER LES ENTREPRENEURS, LEADERS ET PROFESSIONNELS OCCUP\u00c9S \u00c0 SE R\u00c9ALISER PLEINEMENT AU TRAVAIL ET DANS LA VIE, SANS COMPROMETTRE LEURS R\u00c9SULTATS D\u2019AFFAIRES.<\/p>\n    <\/div>\n\n    <div class=\"decoration\">\n      <div class=\"picture\">\n        <img loading=\"lazy\" decoding=\"async\" width=\"860\" height=\"525\" src=\"https:\/\/leadyourselfup.com\/fr\/wp-content\/uploads\/sites\/4\/2021\/06\/about-860x525.jpg\" class=\"attachment-hero size-hero wp-post-image\" alt=\"\" srcset=\"https:\/\/leadyourselfup.com\/fr\/wp-content\/uploads\/sites\/4\/2021\/06\/about-860x525.jpg 860w, https:\/\/leadyourselfup.com\/fr\/wp-content\/uploads\/sites\/4\/2021\/06\/about-300x183.jpg 300w, https:\/\/leadyourselfup.com\/fr\/wp-content\/uploads\/sites\/4\/2021\/06\/about-1024x626.jpg 1024w, https:\/\/leadyourselfup.com\/fr\/wp-content\/uploads\/sites\/4\/2021\/06\/about-768x469.jpg 768w, https:\/\/leadyourselfup.com\/fr\/wp-content\/uploads\/sites\/4\/2021\/06\/about-1536x939.jpg 1536w, https:\/\/leadyourselfup.com\/fr\/wp-content\/uploads\/sites\/4\/2021\/06\/about-100x61.jpg 100w, https:\/\/leadyourselfup.com\/fr\/wp-content\/uploads\/sites\/4\/2021\/06\/about-164x100.jpg 164w, https:\/\/leadyourselfup.com\/fr\/wp-content\/uploads\/sites\/4\/2021\/06\/about-600x367.jpg 600w, https:\/\/leadyourselfup.com\/fr\/wp-content\/uploads\/sites\/4\/2021\/06\/about-175x107.jpg 175w, https:\/\/leadyourselfup.com\/fr\/wp-content\/uploads\/sites\/4\/2021\/06\/about-512x313.jpg 512w, https:\/\/leadyourselfup.com\/fr\/wp-content\/uploads\/sites\/4\/2021\/06\/about.jpg 1718w\" sizes=\"auto, (max-width: 860px) 100vw, 860px\" \/>      <\/div>\n      <div class=\"catchphrase\">\n  S&rsquo;\u00e9veiller <span>\u2022<\/span> Se responsabiliser <span>\u2022<\/span> Se pr\u00e9senter<\/div>\n    <\/div>\n\n  <\/div>\n<\/div>\n\n\n\n<div class=\"block block--intro\" id=\"\">\n  <div class=\"container\">\n\n          <div class=\"picture\">\n        <img loading=\"lazy\" decoding=\"async\" width=\"600\" height=\"400\" src=\"https:\/\/leadyourselfup.com\/fr\/wp-content\/uploads\/sites\/4\/2021\/07\/WhatsApp-Image-2021-12-01-at-19.01.36-600x400.jpeg\" class=\"attachment-team size-team\" alt=\"\" srcset=\"https:\/\/leadyourselfup.com\/fr\/wp-content\/uploads\/sites\/4\/2021\/07\/WhatsApp-Image-2021-12-01-at-19.01.36-600x400.jpeg 600w, https:\/\/leadyourselfup.com\/fr\/wp-content\/uploads\/sites\/4\/2021\/07\/WhatsApp-Image-2021-12-01-at-19.01.36-300x200.jpeg 300w, https:\/\/leadyourselfup.com\/fr\/wp-content\/uploads\/sites\/4\/2021\/07\/WhatsApp-Image-2021-12-01-at-19.01.36-768x512.jpeg 768w, https:\/\/leadyourselfup.com\/fr\/wp-content\/uploads\/sites\/4\/2021\/07\/WhatsApp-Image-2021-12-01-at-19.01.36-100x67.jpeg 100w, https:\/\/leadyourselfup.com\/fr\/wp-content\/uploads\/sites\/4\/2021\/07\/WhatsApp-Image-2021-12-01-at-19.01.36-150x100.jpeg 150w, https:\/\/leadyourselfup.com\/fr\/wp-content\/uploads\/sites\/4\/2021\/07\/WhatsApp-Image-2021-12-01-at-19.01.36-175x117.jpeg 175w, https:\/\/leadyourselfup.com\/fr\/wp-content\/uploads\/sites\/4\/2021\/07\/WhatsApp-Image-2021-12-01-at-19.01.36.jpeg 1024w\" sizes=\"auto, (max-width: 600px) 100vw, 600px\" \/>      <\/div>\n    \n    <div class=\"content\">\n      <p>Aujourd\u2019hui plus que jamais, le monde a besoin de leaders r\u00e9silients et conscients d&rsquo;eux-m\u00eames : des personnes pr\u00eates \u00e0 affronter les d\u00e9fis du travail et de la vie courante, \u00e0 rebondir face aux situations stressantes de fa\u00e7on efficace et \u00e0 s\u2019adapter \u00e0 l\u2019adversit\u00e9 avec agilit\u00e9.<\/p>\n<p><strong>Nous enseignons aux entrepreneurs, leaders et professionnels occup\u00e9s comment acc\u00e9der \u00e0<\/strong><br \/>\n<strong>la meilleure version d\u2019eux-m\u00eames de mani\u00e8re constante.<\/strong><\/p>\n      \n  <div class=\"cta\">\n    <a\n      href=\"https:\/\/leadyourselfup.com\/fr\/workshop\/\"\n      class=\"btn btn--ghost\"\n      target=\"\"\n    >\n      Apprenez-en plus sur notre approche    <\/a>\n  <\/div>\n    <\/div>\n\n  <\/div>\n<\/div>\n\n\n\n<div class=\"block block--skills\" id=\"\">\n  <div class=\"container\">\n\n    <div class=\"content\">\n      <h2>AUGMENTEZ VOTRE CAPACIT\u00c9 D&rsquo;ACC\u00c9DER \u00c0 LA MEILLEURE VERSION DE VOUS-M\u00caME<\/h2>\n<p>LE PROGRAMME PROPULSE TON LEADERSHIP<\/p>\n      \n  <div class=\"cta\">\n    <a\n      href=\"https:\/\/leadyourselfup.com\/fr\/workshop\/\"\n      class=\"btn btn--solid\"\n      target=\"\"\n    >\n      EN SAVOIR PLUS    <\/a>\n  <\/div>\n    <\/div>\n\n    <div class=\"skills\">\n      <ul>\n                  <li>\n            Gestion intelligente de son \u00e9nergie          <\/li>\n                  <li>\n            Conscience de soi et r\u00e9gulation de ses \u00e9motions          <\/li>\n                  <li>\n            Prise de d\u00e9cisions d\u00e9lib\u00e9r\u00e9es, fond\u00e9es sur les valeurs          <\/li>\n                  <li>\n            L&rsquo;impact de nos croyances sur nos relations           <\/li>\n              <\/ul>\n    <\/div>\n\n  <\/div>\n<\/div>\n\n\n\n\n  <div class=\"block block--clients\" id=\"\">\n    <div class=\"container\">\n\n              <h2>\n          Le programme Propulse Ton Leadership a aid\u00e9 des leaders provenant d&rsquo;une vari\u00e9t\u00e9 d&rsquo;organisations        <\/h2>\n      \n      <ul>\n                  <li>\n            <div class=\"thumbnail\">\n              <img loading=\"lazy\" decoding=\"async\" width=\"175\" height=\"100\" src=\"https:\/\/leadyourselfup.com\/fr\/wp-content\/uploads\/sites\/4\/2021\/07\/Bell.png\" class=\"attachment-client size-client wp-post-image\" alt=\"\" srcset=\"https:\/\/leadyourselfup.com\/fr\/wp-content\/uploads\/sites\/4\/2021\/07\/Bell.png 175w, https:\/\/leadyourselfup.com\/fr\/wp-content\/uploads\/sites\/4\/2021\/07\/Bell-100x57.png 100w\" sizes=\"auto, (max-width: 175px) 100vw, 175px\" \/>            <\/div>\n          <\/li>\n                  <li>\n            <div class=\"thumbnail\">\n              <img loading=\"lazy\" decoding=\"async\" width=\"522\" height=\"100\" src=\"https:\/\/leadyourselfup.com\/fr\/wp-content\/uploads\/sites\/4\/2021\/07\/Cirque-du-Soleil.png\" class=\"attachment-client size-client wp-post-image\" alt=\"\" srcset=\"https:\/\/leadyourselfup.com\/fr\/wp-content\/uploads\/sites\/4\/2021\/07\/Cirque-du-Soleil.png 522w, https:\/\/leadyourselfup.com\/fr\/wp-content\/uploads\/sites\/4\/2021\/07\/Cirque-du-Soleil-300x57.png 300w, https:\/\/leadyourselfup.com\/fr\/wp-content\/uploads\/sites\/4\/2021\/07\/Cirque-du-Soleil-100x19.png 100w, https:\/\/leadyourselfup.com\/fr\/wp-content\/uploads\/sites\/4\/2021\/07\/Cirque-du-Soleil-175x34.png 175w, https:\/\/leadyourselfup.com\/fr\/wp-content\/uploads\/sites\/4\/2021\/07\/Cirque-du-Soleil-512x98.png 512w\" sizes=\"auto, (max-width: 522px) 100vw, 522px\" \/>            <\/div>\n          <\/li>\n                  <li>\n            <div class=\"thumbnail\">\n              <img loading=\"lazy\" decoding=\"async\" width=\"294\" height=\"100\" src=\"https:\/\/leadyourselfup.com\/fr\/wp-content\/uploads\/sites\/4\/2021\/07\/Air-Transat.png\" class=\"attachment-client size-client wp-post-image\" alt=\"\" srcset=\"https:\/\/leadyourselfup.com\/fr\/wp-content\/uploads\/sites\/4\/2021\/07\/Air-Transat.png 294w, https:\/\/leadyourselfup.com\/fr\/wp-content\/uploads\/sites\/4\/2021\/07\/Air-Transat-100x34.png 100w, https:\/\/leadyourselfup.com\/fr\/wp-content\/uploads\/sites\/4\/2021\/07\/Air-Transat-175x60.png 175w\" sizes=\"auto, (max-width: 294px) 100vw, 294px\" \/>            <\/div>\n          <\/li>\n                  <li>\n            <div class=\"thumbnail\">\n              <img loading=\"lazy\" decoding=\"async\" width=\"393\" height=\"100\" src=\"https:\/\/leadyourselfup.com\/fr\/wp-content\/uploads\/sites\/4\/2021\/07\/Desjardins.png\" class=\"attachment-client size-client wp-post-image\" alt=\"\" srcset=\"https:\/\/leadyourselfup.com\/fr\/wp-content\/uploads\/sites\/4\/2021\/07\/Desjardins.png 393w, https:\/\/leadyourselfup.com\/fr\/wp-content\/uploads\/sites\/4\/2021\/07\/Desjardins-300x76.png 300w, https:\/\/leadyourselfup.com\/fr\/wp-content\/uploads\/sites\/4\/2021\/07\/Desjardins-100x25.png 100w, https:\/\/leadyourselfup.com\/fr\/wp-content\/uploads\/sites\/4\/2021\/07\/Desjardins-175x45.png 175w\" sizes=\"auto, (max-width: 393px) 100vw, 393px\" \/>            <\/div>\n          <\/li>\n                  <li>\n            <div class=\"thumbnail\">\n              <img loading=\"lazy\" decoding=\"async\" width=\"330\" height=\"100\" src=\"https:\/\/leadyourselfup.com\/fr\/wp-content\/uploads\/sites\/4\/2021\/07\/morneau-logo@2x.png\" class=\"attachment-client size-client wp-post-image\" alt=\"\" srcset=\"https:\/\/leadyourselfup.com\/fr\/wp-content\/uploads\/sites\/4\/2021\/07\/morneau-logo@2x.png 330w, https:\/\/leadyourselfup.com\/fr\/wp-content\/uploads\/sites\/4\/2021\/07\/morneau-logo@2x-300x91.png 300w, https:\/\/leadyourselfup.com\/fr\/wp-content\/uploads\/sites\/4\/2021\/07\/morneau-logo@2x-100x30.png 100w, https:\/\/leadyourselfup.com\/fr\/wp-content\/uploads\/sites\/4\/2021\/07\/morneau-logo@2x-175x53.png 175w\" sizes=\"auto, (max-width: 330px) 100vw, 330px\" \/>            <\/div>\n          <\/li>\n                  <li>\n            <div class=\"thumbnail\">\n              <img loading=\"lazy\" decoding=\"async\" width=\"112\" height=\"100\" src=\"https:\/\/leadyourselfup.com\/fr\/wp-content\/uploads\/sites\/4\/2021\/08\/TD-logo-112x100.png\" class=\"attachment-client size-client wp-post-image\" alt=\"\" srcset=\"https:\/\/leadyourselfup.com\/fr\/wp-content\/uploads\/sites\/4\/2021\/08\/TD-logo-112x100.png 112w, https:\/\/leadyourselfup.com\/fr\/wp-content\/uploads\/sites\/4\/2021\/08\/TD-logo-100x89.png 100w, https:\/\/leadyourselfup.com\/fr\/wp-content\/uploads\/sites\/4\/2021\/08\/TD-logo-175x156.png 175w, https:\/\/leadyourselfup.com\/fr\/wp-content\/uploads\/sites\/4\/2021\/08\/TD-logo.png 179w\" sizes=\"auto, (max-width: 112px) 100vw, 112px\" \/>            <\/div>\n          <\/li>\n              <\/ul>\n\n      \n  <div class=\"cta\">\n    <a\n      href=\"http:\/\/leadyourselfup.com\/fr\/clients\/\"\n      class=\"btn btn--ghost\"\n      target=\"\"\n    >\n      Voir leurs t\u00e9moignages    <\/a>\n  <\/div>\n\n    <\/div>\n  <\/div>\n\n\n","protected":false},"excerpt":{"rendered":"","protected":false},"author":2,"featured_media":370,"parent":0,"menu_order":0,"comment_status":"closed","ping_status":"closed","template":"","meta":{"_acf_changed":false,"inline_featured_image":false,"footnotes":""},"class_list":["post-6","page","type-page","status-publish","has-post-thumbnail","hentry"],"acf":[],"yoast_head":"<!-- This site is optimized with the Yoast SEO plugin v27.4 - https:\/\/yoast.com\/product\/yoast-seo-wordpress\/ -->\n<title>Lead Yourself UP<\/title>\n<meta name=\"description\" content=\"Nous enseignons aux leaders comment utiliser leur capacit\u00e9 \u00e0 \u00eatre la meilleure version d\u2019eux-m\u00eames.\" \/>\n<meta name=\"robots\" content=\"index, follow, max-snippet:-1, max-image-preview:large, max-video-preview:-1\" \/>\n<link rel=\"canonical\" href=\"https:\/\/leadyourselfup.com\/fr\/\" \/>\n<meta property=\"og:locale\" content=\"fr_CA\" \/>\n<meta property=\"og:type\" content=\"article\" \/>\n<meta property=\"og:title\" content=\"Lead Yourself UP\" \/>\n<meta property=\"og:description\" content=\"Nous enseignons aux leaders comment utiliser leur capacit\u00e9 \u00e0 \u00eatre la meilleure version d\u2019eux-m\u00eames.\" \/>\n<meta property=\"og:url\" content=\"https:\/\/leadyourselfup.com\/fr\/\" \/>\n<meta property=\"og:site_name\" content=\"Lead Yourself UP\" \/>\n<meta property=\"article:publisher\" content=\"https:\/\/www.facebook.com\/upkatarina\/\" \/>\n<meta property=\"article:modified_time\" content=\"2023-08-02T12:12:24+00:00\" \/>\n<meta property=\"og:image\" content=\"https:\/\/leadyourselfup.com\/fr\/wp-content\/uploads\/sites\/4\/2021\/06\/about.jpg\" \/>\n\t<meta property=\"og:image:width\" content=\"1718\" \/>\n\t<meta property=\"og:image:height\" content=\"1050\" \/>\n\t<meta property=\"og:image:type\" content=\"image\/jpeg\" \/>\n<meta name=\"twitter:card\" content=\"summary_large_image\" \/>\n<script type=\"application\/ld+json\" class=\"yoast-schema-graph\">{\"@context\":\"https:\\\/\\\/schema.org\",\"@graph\":[{\"@type\":\"WebPage\",\"@id\":\"https:\\\/\\\/leadyourselfup.com\\\/fr\\\/\",\"url\":\"https:\\\/\\\/leadyourselfup.com\\\/fr\\\/\",\"name\":\"Lead Yourself UP\",\"isPartOf\":{\"@id\":\"https:\\\/\\\/leadyourselfup.com\\\/fr\\\/#website\"},\"primaryImageOfPage\":{\"@id\":\"https:\\\/\\\/leadyourselfup.com\\\/fr\\\/#primaryimage\"},\"image\":{\"@id\":\"https:\\\/\\\/leadyourselfup.com\\\/fr\\\/#primaryimage\"},\"thumbnailUrl\":\"https:\\\/\\\/leadyourselfup.com\\\/fr\\\/wp-content\\\/uploads\\\/sites\\\/4\\\/2021\\\/06\\\/about.jpg\",\"datePublished\":\"2021-05-19T14:58:51+00:00\",\"dateModified\":\"2023-08-02T12:12:24+00:00\",\"description\":\"Nous enseignons aux leaders comment utiliser leur capacit\u00e9 \u00e0 \u00eatre la meilleure version d\u2019eux-m\u00eames.\",\"breadcrumb\":{\"@id\":\"https:\\\/\\\/leadyourselfup.com\\\/fr\\\/#breadcrumb\"},\"inLanguage\":\"fr-CA\",\"potentialAction\":[{\"@type\":\"ReadAction\",\"target\":[\"https:\\\/\\\/leadyourselfup.com\\\/fr\\\/\"]}]},{\"@type\":\"ImageObject\",\"inLanguage\":\"fr-CA\",\"@id\":\"https:\\\/\\\/leadyourselfup.com\\\/fr\\\/#primaryimage\",\"url\":\"https:\\\/\\\/leadyourselfup.com\\\/fr\\\/wp-content\\\/uploads\\\/sites\\\/4\\\/2021\\\/06\\\/about.jpg\",\"contentUrl\":\"https:\\\/\\\/leadyourselfup.com\\\/fr\\\/wp-content\\\/uploads\\\/sites\\\/4\\\/2021\\\/06\\\/about.jpg\",\"width\":1718,\"height\":1050},{\"@type\":\"BreadcrumbList\",\"@id\":\"https:\\\/\\\/leadyourselfup.com\\\/fr\\\/#breadcrumb\",\"itemListElement\":[{\"@type\":\"ListItem\",\"position\":1,\"name\":\"Home\",\"item\":\"https:\\\/\\\/leadyourselfup.com\\\/fr\\\/\"},{\"@type\":\"ListItem\",\"position\":2,\"name\":\"Accueil\"}]},{\"@type\":\"WebSite\",\"@id\":\"https:\\\/\\\/leadyourselfup.com\\\/fr\\\/#website\",\"url\":\"https:\\\/\\\/leadyourselfup.com\\\/fr\\\/\",\"name\":\"Lead Yourself UP\",\"description\":\"\",\"publisher\":{\"@id\":\"https:\\\/\\\/leadyourselfup.com\\\/fr\\\/#organization\"},\"potentialAction\":[{\"@type\":\"SearchAction\",\"target\":{\"@type\":\"EntryPoint\",\"urlTemplate\":\"https:\\\/\\\/leadyourselfup.com\\\/fr\\\/?s={search_term_string}\"},\"query-input\":{\"@type\":\"PropertyValueSpecification\",\"valueRequired\":true,\"valueName\":\"search_term_string\"}}],\"inLanguage\":\"fr-CA\"},{\"@type\":\"Organization\",\"@id\":\"https:\\\/\\\/leadyourselfup.com\\\/fr\\\/#organization\",\"name\":\"Axellite Leadership\",\"url\":\"https:\\\/\\\/leadyourselfup.com\\\/fr\\\/\",\"logo\":{\"@type\":\"ImageObject\",\"inLanguage\":\"fr-CA\",\"@id\":\"https:\\\/\\\/leadyourselfup.com\\\/fr\\\/#\\\/schema\\\/logo\\\/image\\\/\",\"url\":\"https:\\\/\\\/leadyourselfup.com\\\/fr\\\/wp-content\\\/uploads\\\/sites\\\/4\\\/2021\\\/05\\\/logo.png\",\"contentUrl\":\"https:\\\/\\\/leadyourselfup.com\\\/fr\\\/wp-content\\\/uploads\\\/sites\\\/4\\\/2021\\\/05\\\/logo.png\",\"width\":1000,\"height\":450,\"caption\":\"Axellite Leadership\"},\"image\":{\"@id\":\"https:\\\/\\\/leadyourselfup.com\\\/fr\\\/#\\\/schema\\\/logo\\\/image\\\/\"},\"sameAs\":[\"https:\\\/\\\/www.facebook.com\\\/upkatarina\\\/\",\"https:\\\/\\\/www.linkedin.com\\\/company\\\/axellite-leadership-&amp;-performance\\\/\"]}]}<\/script>\n<!-- \/ Yoast SEO plugin. -->","yoast_head_json":{"title":"Lead Yourself UP","description":"Nous enseignons aux leaders comment utiliser leur capacit\u00e9 \u00e0 \u00eatre la meilleure version d\u2019eux-m\u00eames.","robots":{"index":"index","follow":"follow","max-snippet":"max-snippet:-1","max-image-preview":"max-image-preview:large","max-video-preview":"max-video-preview:-1"},"canonical":"https:\/\/leadyourselfup.com\/fr\/","og_locale":"fr_CA","og_type":"article","og_title":"Lead Yourself UP","og_description":"Nous enseignons aux leaders comment utiliser leur capacit\u00e9 \u00e0 \u00eatre la meilleure version d\u2019eux-m\u00eames.","og_url":"https:\/\/leadyourselfup.com\/fr\/","og_site_name":"Lead Yourself UP","article_publisher":"https:\/\/www.facebook.com\/upkatarina\/","article_modified_time":"2023-08-02T12:12:24+00:00","og_image":[{"width":1718,"height":1050,"url":"https:\/\/leadyourselfup.com\/fr\/wp-content\/uploads\/sites\/4\/2021\/06\/about.jpg","type":"image\/jpeg"}],"twitter_card":"summary_large_image","schema":{"@context":"https:\/\/schema.org","@graph":[{"@type":"WebPage","@id":"https:\/\/leadyourselfup.com\/fr\/","url":"https:\/\/leadyourselfup.com\/fr\/","name":"Lead Yourself UP","isPartOf":{"@id":"https:\/\/leadyourselfup.com\/fr\/#website"},"primaryImageOfPage":{"@id":"https:\/\/leadyourselfup.com\/fr\/#primaryimage"},"image":{"@id":"https:\/\/leadyourselfup.com\/fr\/#primaryimage"},"thumbnailUrl":"https:\/\/leadyourselfup.com\/fr\/wp-content\/uploads\/sites\/4\/2021\/06\/about.jpg","datePublished":"2021-05-19T14:58:51+00:00","dateModified":"2023-08-02T12:12:24+00:00","description":"Nous enseignons aux leaders comment utiliser leur capacit\u00e9 \u00e0 \u00eatre la meilleure version d\u2019eux-m\u00eames.","breadcrumb":{"@id":"https:\/\/leadyourselfup.com\/fr\/#breadcrumb"},"inLanguage":"fr-CA","potentialAction":[{"@type":"ReadAction","target":["https:\/\/leadyourselfup.com\/fr\/"]}]},{"@type":"ImageObject","inLanguage":"fr-CA","@id":"https:\/\/leadyourselfup.com\/fr\/#primaryimage","url":"https:\/\/leadyourselfup.com\/fr\/wp-content\/uploads\/sites\/4\/2021\/06\/about.jpg","contentUrl":"https:\/\/leadyourselfup.com\/fr\/wp-content\/uploads\/sites\/4\/2021\/06\/about.jpg","width":1718,"height":1050},{"@type":"BreadcrumbList","@id":"https:\/\/leadyourselfup.com\/fr\/#breadcrumb","itemListElement":[{"@type":"ListItem","position":1,"name":"Home","item":"https:\/\/leadyourselfup.com\/fr\/"},{"@type":"ListItem","position":2,"name":"Accueil"}]},{"@type":"WebSite","@id":"https:\/\/leadyourselfup.com\/fr\/#website","url":"https:\/\/leadyourselfup.com\/fr\/","name":"Lead Yourself UP","description":"","publisher":{"@id":"https:\/\/leadyourselfup.com\/fr\/#organization"},"potentialAction":[{"@type":"SearchAction","target":{"@type":"EntryPoint","urlTemplate":"https:\/\/leadyourselfup.com\/fr\/?s={search_term_string}"},"query-input":{"@type":"PropertyValueSpecification","valueRequired":true,"valueName":"search_term_string"}}],"inLanguage":"fr-CA"},{"@type":"Organization","@id":"https:\/\/leadyourselfup.com\/fr\/#organization","name":"Axellite Leadership","url":"https:\/\/leadyourselfup.com\/fr\/","logo":{"@type":"ImageObject","inLanguage":"fr-CA","@id":"https:\/\/leadyourselfup.com\/fr\/#\/schema\/logo\/image\/","url":"https:\/\/leadyourselfup.com\/fr\/wp-content\/uploads\/sites\/4\/2021\/05\/logo.png","contentUrl":"https:\/\/leadyourselfup.com\/fr\/wp-content\/uploads\/sites\/4\/2021\/05\/logo.png","width":1000,"height":450,"caption":"Axellite Leadership"},"image":{"@id":"https:\/\/leadyourselfup.com\/fr\/#\/schema\/logo\/image\/"},"sameAs":["https:\/\/www.facebook.com\/upkatarina\/","https:\/\/www.linkedin.com\/company\/axellite-leadership-&amp;-performance\/"]}]}},"_links":{"self":[{"href":"https:\/\/leadyourselfup.com\/fr\/wp-json\/wp\/v2\/pages\/6","targetHints":{"allow":["GET"]}}],"collection":[{"href":"https:\/\/leadyourselfup.com\/fr\/wp-json\/wp\/v2\/pages"}],"about":[{"href":"https:\/\/leadyourselfup.com\/fr\/wp-json\/wp\/v2\/types\/page"}],"author":[{"embeddable":true,"href":"https:\/\/leadyourselfup.com\/fr\/wp-json\/wp\/v2\/users\/2"}],"replies":[{"embeddable":true,"href":"https:\/\/leadyourselfup.com\/fr\/wp-json\/wp\/v2\/comments?post=6"}],"version-history":[{"count":0,"href":"https:\/\/leadyourselfup.com\/fr\/wp-json\/wp\/v2\/pages\/6\/revisions"}],"wp:featuredmedia":[{"embeddable":true,"href":"https:\/\/leadyourselfup.com\/fr\/wp-json\/wp\/v2\/media\/370"}],"wp:attachment":[{"href":"https:\/\/leadyourselfup.com\/fr\/wp-json\/wp\/v2\/media?parent=6"}],"curies":[{"name":"wp","href":"https:\/\/api.w.org\/{rel}","templated":true}]}}